{"id":3172,"date":"2021-06-24T07:52:01","date_gmt":"2021-06-24T12:52:01","guid":{"rendered":"https:\/\/peliorganics.com\/?page_id=3172"},"modified":"2021-06-24T18:27:55","modified_gmt":"2021-06-24T23:27:55","slug":"our-purpose","status":"publish","type":"page","link":"https:\/\/peliorganics.com\/en\/our-purpose\/","title":{"rendered":"Our Purpose"},"content":{"rendered":"\t\t<div data-elementor-type=\"wp-page\" data-elementor-id=\"3172\" class=\"elementor elementor-3172\">\n\t\t\t\t\t\t<section class=\"elementor-section elementor-top-section elementor-element elementor-element-a344f64 elementor-section-boxed elementor-section-height-default elementor-section-height-default\" data-id=\"a344f64\" data-element_type=\"section\">\n\t\t\t\t\t\t<div class=\"elementor-container elementor-column-gap-default\">\n\t\t\t\t\t<div class=\"elementor-column elementor-col-100 elementor-top-column elementor-element elementor-element-eb1f989\" data-id=\"eb1f989\" data-element_type=\"column\">\n\t\t\t<div class=\"elementor-widget-wrap elementor-element-populated\">\n\t\t\t\t\t\t<div class=\"elementor-element elementor-element-3d418a4 elementor-widget elementor-widget-heading\" data-id=\"3d418a4\" data-element_type=\"widget\" data-widget_type=\"heading.default\">\n\t\t\t\t<div class=\"elementor-widget-container\">\n\t\t\t<h2 class=\"elementor-heading-title elementor-size-default\">Our Purposes<\/h2>\t\t<\/div>\n\t\t\t\t<\/div>\n\t\t\t\t<div class=\"elementor-element elementor-element-5820ba2 elementor-widget elementor-widget-image\" data-id=\"5820ba2\" data-element_type=\"widget\" data-widget_type=\"image.default\">\n\t\t\t\t<div class=\"elementor-widget-container\">\n\t\t\t\t\t\t\t\t\t\t\t\t\t<img fetchpriority=\"high\" decoding=\"async\" width=\"650\" height=\"366\" src=\"https:\/\/peliorganics.com\/wp-content\/uploads\/2021\/06\/ourpurpose1.jpg\" class=\"attachment-medium_large size-medium_large wp-image-3174\" alt=\"\" srcset=\"https:\/\/peliorganics.com\/wp-content\/uploads\/2021\/06\/ourpurpose1.jpg 650w, https:\/\/peliorganics.com\/wp-content\/uploads\/2021\/06\/ourpurpose1-300x169.jpg 300w, https:\/\/peliorganics.com\/wp-content\/uploads\/2021\/06\/ourpurpose1-16x9.jpg 16w\" sizes=\"(max-width: 650px) 100vw, 650px\" \/>\t\t\t\t\t\t\t\t\t\t\t\t\t<\/div>\n\t\t\t\t<\/div>\n\t\t\t\t<div class=\"elementor-element elementor-element-b72bf93 elementor-widget elementor-widget-text-editor\" data-id=\"b72bf93\" data-element_type=\"widget\" data-widget_type=\"text-editor.default\">\n\t\t\t\t<div class=\"elementor-widget-container\">\n\t\t\t\t\t\t\t<p style=\"text-align: left;\">Somos mujeres de altos est\u00e1ndares y queremos inspirarte a una vida donde tomas&nbsp;decisiones conscientes que beneficien tu salud y bienestar. Por esta raz\u00f3n, durante 3 a\u00f1os no escatimamos esfuerzos en elaborar las f\u00f3rmulas perfectas donde ingredientes, empaques y procesos concuerdan con nuestros criterios de calidad.&nbsp;PeliOrganics es una marca con prop\u00f3sito y nuestros prop\u00f3sitos se resumen en lo siguiente:&nbsp;<\/p>\n<ol style=\"text-align: left;\">\n<li>Proveer productos capilares basados en la Madre Naturaleza, que aprovechen los beneficios brindados por ella y que toman en cuenta su sostenibilidad.<\/li>\n<li>Conjugar lo natural con la ciencia, para asegurar una calidad \u00f3ptima y efectividad en los resultados.<\/li>\n<li>Fomentar una autoimagen positiva del consumidor, mediante la aceptaci\u00f3n y el amor a su cabello en la forma que lo prefiera.<\/li>\n<li>Posicionar a la Rep\u00fablica Dominicana como un pa\u00eds de conocimiento incomparable en el \u00e1rea de belleza capilar, gracias a la gran variedad de cabello que presentan sus habitantes, a su experiencia de campo en el \u00e1rea, y a la permeaci\u00f3n en su cultura de la importancia&nbsp;del cuidado del pelo.&nbsp;<\/li>\n<\/ol>\n<div style=\"text-align: left;\">\u00a1Te invitamos a formar parte de esta vida PeliOrganics!<\/div>\t\t\t\t\t\t<\/div>\n\t\t\t\t<\/div>\n\t\t\t\t<div class=\"elementor-element elementor-element-b7e53b7 elementor-widget elementor-widget-image\" data-id=\"b7e53b7\" data-element_type=\"widget\" data-widget_type=\"image.default\">\n\t\t\t\t<div class=\"elementor-widget-container\">\n\t\t\t\t\t\t\t\t\t\t\t\t\t<img decoding=\"async\" width=\"650\" height=\"366\" src=\"https:\/\/peliorganics.com\/wp-content\/uploads\/2021\/06\/ourpur2.jpg\" class=\"attachment-large size-large wp-image-3173\" alt=\"\" srcset=\"https:\/\/peliorganics.com\/wp-content\/uploads\/2021\/06\/ourpur2.jpg 650w, https:\/\/peliorganics.com\/wp-content\/uploads\/2021\/06\/ourpur2-300x169.jpg 300w, https:\/\/peliorganics.com\/wp-content\/uploads\/2021\/06\/ourpur2-16x9.jpg 16w\" sizes=\"(max-width: 650px) 100vw, 650px\" \/>\t\t\t\t\t\t\t\t\t\t\t\t\t<\/div>\n\t\t\t\t<\/div>\n\t\t\t\t\t<\/div>\n\t\t<\/div>\n\t\t\t\t\t<\/div>\n\t\t<\/section>\n\t\t\t\t<\/div>\n\t\t","protected":false},"excerpt":{"rendered":"<p>Our Purposes Somos mujeres de altos est\u00e1ndares y queremos inspirarte a una vida donde tomas&nbsp;decisiones conscientes que beneficien tu salud y bienestar. Por esta raz\u00f3n, durante 3 a\u00f1os no escatimamos esfuerzos en elaborar las f\u00f3rmulas perfectas donde ingredientes, empaques y procesos concuerdan con nuestros criterios de calidad.&nbsp;PeliOrganics es una marca con prop\u00f3sito y nuestros prop\u00f3sitos &hellip;<\/p>\n<p class=\"read-more\"> <a class=\"\" href=\"https:\/\/peliorganics.com\/en\/our-purpose\/\"> <span class=\"screen-reader-text\">Our Purpose<\/span> Read More &raquo;<\/a><\/p>\n","protected":false},"author":1,"featured_media":0,"parent":0,"menu_order":0,"comment_status":"closed","ping_status":"closed","template":"","meta":{"site-sidebar-layout":"no-sidebar","site-content-layout":"page-builder","ast-site-content-layout":"","site-content-style":"default","site-sidebar-style":"default","ast-global-header-display":"","ast-banner-title-visibility":"","ast-main-header-display":"","ast-hfb-above-header-display":"","ast-hfb-below-header-display":"","ast-hfb-mobile-header-display":"","site-post-title":"disabled","ast-breadcrumbs-content":"","ast-featured-img":"disabled","footer-sml-layout":"","theme-transparent-header-meta":"","adv-header-id-meta":"","stick-header-meta":"","header-above-stick-meta":"","header-main-stick-meta":"","header-below-stick-meta":"","astra-migrate-meta-layouts":"","footnotes":""},"class_list":["post-3172","page","type-page","status-publish","hentry"],"_links":{"self":[{"href":"https:\/\/peliorganics.com\/en\/wp-json\/wp\/v2\/pages\/3172","targetHints":{"allow":["GET"]}}],"collection":[{"href":"https:\/\/peliorganics.com\/en\/wp-json\/wp\/v2\/pages"}],"about":[{"href":"https:\/\/peliorganics.com\/en\/wp-json\/wp\/v2\/types\/page"}],"author":[{"embeddable":true,"href":"https:\/\/peliorganics.com\/en\/wp-json\/wp\/v2\/users\/1"}],"replies":[{"embeddable":true,"href":"https:\/\/peliorganics.com\/en\/wp-json\/wp\/v2\/comments?post=3172"}],"version-history":[{"count":6,"href":"https:\/\/peliorganics.com\/en\/wp-json\/wp\/v2\/pages\/3172\/revisions"}],"predecessor-version":[{"id":4309,"href":"https:\/\/peliorganics.com\/en\/wp-json\/wp\/v2\/pages\/3172\/revisions\/4309"}],"wp:attachment":[{"href":"https:\/\/peliorganics.com\/en\/wp-json\/wp\/v2\/media?parent=3172"}],"curies":[{"name":"wp","href":"https:\/\/api.w.org\/{rel}","templated":true}]}}