{"id":41,"date":"2019-12-11T19:56:57","date_gmt":"2019-12-12T00:56:57","guid":{"rendered":"https:\/\/peliorganics.com\/?page_id=41"},"modified":"2020-10-14T19:22:20","modified_gmt":"2020-10-15T00:22:20","slug":"quienes-somos","status":"publish","type":"page","link":"https:\/\/peliorganics.com\/es\/quienes-somos\/","title":{"rendered":"\u00bfQui\u00e9nes Somos?"},"content":{"rendered":"<div data-elementor-type=\"wp-page\" data-elementor-id=\"41\" class=\"elementor elementor-41\">\n\t\t\t\t\t\t<section class=\"elementor-section elementor-top-section elementor-element elementor-element-af220e5 elementor-section-boxed elementor-section-height-default elementor-section-height-default\" data-id=\"af220e5\" data-element_type=\"section\">\n\t\t\t\t\t\t<div class=\"elementor-container elementor-column-gap-default\">\n\t\t\t\t\t<div class=\"elementor-column elementor-col-100 elementor-top-column elementor-element elementor-element-5534bda\" data-id=\"5534bda\" data-element_type=\"column\">\n\t\t\t<div class=\"elementor-widget-wrap elementor-element-populated\">\n\t\t\t\t\t\t<div class=\"elementor-element elementor-element-e216be3 elementor-widget elementor-widget-heading\" data-id=\"e216be3\" data-element_type=\"widget\" data-widget_type=\"heading.default\">\n\t\t\t\t<div class=\"elementor-widget-container\">\n\t\t\t<h2 class=\"elementor-heading-title elementor-size-default\">\u00bfQui\u00e9nes Somos?<\/h2>\t\t<\/div>\n\t\t\t\t<\/div>\n\t\t\t\t\t<\/div>\n\t\t<\/div>\n\t\t\t\t\t<\/div>\n\t\t<\/section>\n\t\t\t\t<section class=\"elementor-section elementor-top-section elementor-element elementor-element-c79d1ee elementor-section-boxed elementor-section-height-default elementor-section-height-default\" data-id=\"c79d1ee\" data-element_type=\"section\">\n\t\t\t\t\t\t<div class=\"elementor-container elementor-column-gap-default\">\n\t\t\t\t\t<div class=\"elementor-column elementor-col-100 elementor-top-column elementor-element elementor-element-729feea\" data-id=\"729feea\" data-element_type=\"column\">\n\t\t\t<div class=\"elementor-widget-wrap elementor-element-populated\">\n\t\t\t\t\t\t<section class=\"elementor-section elementor-inner-section elementor-element elementor-element-4ac539f elementor-section-boxed elementor-section-height-default elementor-section-height-default\" data-id=\"4ac539f\" data-element_type=\"section\">\n\t\t\t\t\t\t<div class=\"elementor-container elementor-column-gap-default\">\n\t\t\t\t\t<div class=\"elementor-column elementor-col-50 elementor-inner-column elementor-element elementor-element-0dd6f86\" data-id=\"0dd6f86\" data-element_type=\"column\">\n\t\t\t<div class=\"elementor-widget-wrap elementor-element-populated\">\n\t\t\t\t\t\t<div class=\"elementor-element elementor-element-77ebd0c elementor-widget elementor-widget-image\" data-id=\"77ebd0c\" data-element_type=\"widget\" data-widget_type=\"image.default\">\n\t\t\t\t<div class=\"elementor-widget-container\">\n\t\t\t\t\t\t\t\t\t\t\t\t\t<img fetchpriority=\"high\" decoding=\"async\" width=\"527\" height=\"443\" src=\"https:\/\/peliorganics.com\/wp-content\/uploads\/2020\/10\/AboutUSImage1.png\" class=\"attachment-large size-large wp-image-3083\" alt=\"\" srcset=\"https:\/\/peliorganics.com\/wp-content\/uploads\/2020\/10\/AboutUSImage1.png 527w, https:\/\/peliorganics.com\/wp-content\/uploads\/2020\/10\/AboutUSImage1-300x252.png 300w, https:\/\/peliorganics.com\/wp-content\/uploads\/2020\/10\/AboutUSImage1-14x12.png 14w\" sizes=\"(max-width: 527px) 100vw, 527px\" \/>\t\t\t\t\t\t\t\t\t\t\t\t\t<\/div>\n\t\t\t\t<\/div>\n\t\t\t\t\t<\/div>\n\t\t<\/div>\n\t\t\t\t<div class=\"elementor-column elementor-col-50 elementor-inner-column elementor-element elementor-element-18f5dab\" data-id=\"18f5dab\" data-element_type=\"column\">\n\t\t\t<div class=\"elementor-widget-wrap elementor-element-populated\">\n\t\t\t\t\t\t<div class=\"elementor-element elementor-element-c9952e1 elementor-widget elementor-widget-text-editor\" data-id=\"c9952e1\" data-element_type=\"widget\" data-widget_type=\"text-editor.default\">\n\t\t\t\t<div class=\"elementor-widget-container\">\n\t\t\t\t\t\t\t<p style=\"font-size: 16px; font-weight: 400;\">Sabemos que el cuidado personal es m\u00e1s que su apariencia. Es tu tiempo para t\u00ed.&nbsp;<br><span style=\"font-style: normal; font-size: 16px; font-weight: 400; letter-spacing: 0px;\">Tu descanso diario. Un acto de amor propio.<br><\/span><span style=\"font-style: normal; font-size: 16px; font-weight: 400; letter-spacing: 0px;\"><br>Por eso creamos productos que son buenos para t\u00ed y con los que puedes sentirte bien.<br><\/span><span style=\"font-style: normal; font-size: 16px; font-weight: 400; letter-spacing: 0px;\"><br>En ASU Investments, nuestros valores exudan salud y bienestar. Utilizamos ingredientes de la m\u00e1s alta calidad y de origen sostenible. As\u00ed que puedes estar segura de que se beneficia, y respeta a la madre naturaleza.<br><\/span><span style=\"font-style: normal; font-size: 16px; font-weight: 400; letter-spacing: 0px;\"><br>Nuestros productos tambi\u00e9n est\u00e1n hechos a mano y con amor en la Rep\u00fablica Dominicana. Todos nuestros procesos son meticulosas pr\u00e1cticas artesanales que han resistido la prueba del tiempo.<br><\/span><span style=\"font-style: normal; font-size: 16px; font-weight: 400; letter-spacing: 0px;\"><br>Aprovechamos la sabidur\u00eda de nuestros antepasados, una variedad de razas y un profundo conocimiento, de que la belleza es m\u00e1s que superficial. Esto es lo que le traemos, en un conveniente empaque ecol\u00f3gico.<br><\/span><span style=\"font-size: 16px; font-weight: 400; letter-spacing: 0px;\"><br><i>Hacemos belleza.<br><\/i><\/span><i><span style=\"font-size: 16px; font-weight: 400; letter-spacing: 0px;\">Hacemos feliz a la gente.<br><\/span><span style=\"font-size: 16px; font-weight: 400; letter-spacing: 0px;\">Mantenemos nuestra tierra sana.<\/span><\/i><\/p>\n<p style=\"font-size: 16px;\"><b style=\"font-style: normal;\">Inversiones ASU,<\/b><br>Una orgullosa empresa Dominicana.<\/p>\t\t\t\t\t\t<\/div>\n\t\t\t\t<\/div>\n\t\t\t\t\t<\/div>\n\t\t<\/div>\n\t\t\t\t\t<\/div>\n\t\t<\/section>\n\t\t\t\t\t<\/div>\n\t\t<\/div>\n\t\t\t\t\t<\/div>\n\t\t<\/section>\n\t\t\t\t<\/div>","protected":false},"excerpt":{"rendered":"<p>Who We Are We know self-care is about more than your appearance. It&#8217;s your me-time.&nbsp;Your daily break. An act of self-love. That is why we create products that are good for you and that you can feel good about. At ASU Investments, our values exude health and wellness. We use sustainably sourced ingredients of upmost &hellip;<\/p>\n<p class=\"read-more\"> <a class=\"\" href=\"https:\/\/peliorganics.com\/es\/quienes-somos\/\"> <span class=\"screen-reader-text\">\u00bfQui\u00e9nes Somos?<\/span> Leer m\u00e1s &raquo;<\/a><\/p>","protected":false},"author":1,"featured_media":0,"parent":0,"menu_order":0,"comment_status":"closed","ping_status":"closed","template":"","meta":{"site-sidebar-layout":"no-sidebar","site-content-layout":"page-builder","ast-site-content-layout":"","site-content-style":"default","site-sidebar-style":"default","ast-global-header-display":"","ast-banner-title-visibility":"","ast-main-header-display":"","ast-hfb-above-header-display":"","ast-hfb-below-header-display":"","ast-hfb-mobile-header-display":"","site-post-title":"disabled","ast-breadcrumbs-content":"","ast-featured-img":"disabled","footer-sml-layout":"","theme-transparent-header-meta":"default","adv-header-id-meta":"","stick-header-meta":"","header-above-stick-meta":"","header-main-stick-meta":"","header-below-stick-meta":"","astra-migrate-meta-layouts":"","footnotes":""},"class_list":["post-41","page","type-page","status-publish","hentry"],"_links":{"self":[{"href":"https:\/\/peliorganics.com\/es\/wp-json\/wp\/v2\/pages\/41","targetHints":{"allow":["GET"]}}],"collection":[{"href":"https:\/\/peliorganics.com\/es\/wp-json\/wp\/v2\/pages"}],"about":[{"href":"https:\/\/peliorganics.com\/es\/wp-json\/wp\/v2\/types\/page"}],"author":[{"embeddable":true,"href":"https:\/\/peliorganics.com\/es\/wp-json\/wp\/v2\/users\/1"}],"replies":[{"embeddable":true,"href":"https:\/\/peliorganics.com\/es\/wp-json\/wp\/v2\/comments?post=41"}],"version-history":[{"count":5,"href":"https:\/\/peliorganics.com\/es\/wp-json\/wp\/v2\/pages\/41\/revisions"}],"predecessor-version":[{"id":3085,"href":"https:\/\/peliorganics.com\/es\/wp-json\/wp\/v2\/pages\/41\/revisions\/3085"}],"wp:attachment":[{"href":"https:\/\/peliorganics.com\/es\/wp-json\/wp\/v2\/media?parent=41"}],"curies":[{"name":"wp","href":"https:\/\/api.w.org\/{rel}","templated":true}]}}